{"id":92,"date":"2020-05-29T01:29:02","date_gmt":"2020-05-29T04:29:02","guid":{"rendered":"https:\/\/lageplan.ufc.br\/?page_id=92"},"modified":"2024-09-19T11:50:32","modified_gmt":"2024-09-19T14:50:32","slug":"iniciacao-cientifica","status":"publish","type":"page","link":"https:\/\/lageplan.ufc.br\/index.php\/pesquisas\/iniciacao-cientifica\/","title":{"rendered":"Programa Institucional de Bolsas de Inicia\u00e7\u00e3o Cient\u00edfica (PIBIC)"},"content":{"rendered":"<p>Atualmente, o Laborat\u00f3rio de Geoecologia da Paisagem e Planejamento Ambiental (LAGEPLAN) possui a seguinte Bolsa de Inicia\u00e7\u00e3o Cient\u00edfica:<\/p>\n<ul>\n<li style=\"list-style-type: none;\">\n<ul>\n<li style=\"text-align: justify;\"><strong><a href=\"https:\/\/lageplan.ufc.br\/index.php\/pesquisas\/iniciacao-cientifica\/bacias-hidrograficas-do-ceara\/\">An\u00e1lise Ambiental Voltada a Educa\u00e7\u00e3o da Foz do Riacho Macei\u00f3<\/a><\/strong><\/li>\n<\/ul>\n<\/li>\n<\/ul>\n<p>&nbsp;<\/p>\n<p style=\"padding-left: 40px;\"><strong>SETOR RESPONS\u00c1VEL<\/strong><\/p>\n<p style=\"padding-left: 40px;\">Coordenadoria de Pesquisa da Pr\u00f3-Reitoria de Pesquisa e P\u00f3s Gradua\u00e7\u00e3o (PRPPG)<br \/>\nEndere\u00e7o: Av. Mister Hull, s\/n &#8211; Campus do Pici &#8211; Bloco 848 &#8211; CEP 60440-900\u00a0&#8211; Fortaleza &#8211; CE<br \/>\nFone: (85) 3366 9943 | Fone\/Fax: (85) 3366 9942 | E-mail: <span id=\"cloak93a6bd4e4c69c43878925a10b32c3aa3\"><a href=\"mailto:http:\/\/prposufc@ufc.br\" target=\"_blank\" rel=\"noopener noreferrer\">prposufc@ufc.br<\/a><\/span><\/p>\n","protected":false},"excerpt":{"rendered":"<p>Atualmente, o Laborat\u00f3rio de Geoecologia da Paisagem e Planejamento Ambiental (LAGEPLAN) possui a seguinte Bolsa&hellip;<\/p>\n<p> <a class=\"more-link\" href=\"https:\/\/lageplan.ufc.br\/index.php\/pesquisas\/iniciacao-cientifica\/\">Leia mais<\/a><\/p>\n","protected":false},"author":1,"featured_media":764,"parent":363,"menu_order":0,"comment_status":"closed","ping_status":"closed","template":"","meta":{"footnotes":""},"class_list":["post-92","page","type-page","status-publish","has-post-thumbnail"],"_links":{"self":[{"href":"https:\/\/lageplan.ufc.br\/index.php\/wp-json\/wp\/v2\/pages\/92"}],"collection":[{"href":"https:\/\/lageplan.ufc.br\/index.php\/wp-json\/wp\/v2\/pages"}],"about":[{"href":"https:\/\/lageplan.ufc.br\/index.php\/wp-json\/wp\/v2\/types\/page"}],"author":[{"embeddable":true,"href":"https:\/\/lageplan.ufc.br\/index.php\/wp-json\/wp\/v2\/users\/1"}],"replies":[{"embeddable":true,"href":"https:\/\/lageplan.ufc.br\/index.php\/wp-json\/wp\/v2\/comments?post=92"}],"version-history":[{"count":13,"href":"https:\/\/lageplan.ufc.br\/index.php\/wp-json\/wp\/v2\/pages\/92\/revisions"}],"predecessor-version":[{"id":2442,"href":"https:\/\/lageplan.ufc.br\/index.php\/wp-json\/wp\/v2\/pages\/92\/revisions\/2442"}],"up":[{"embeddable":true,"href":"https:\/\/lageplan.ufc.br\/index.php\/wp-json\/wp\/v2\/pages\/363"}],"wp:featuredmedia":[{"embeddable":true,"href":"https:\/\/lageplan.ufc.br\/index.php\/wp-json\/wp\/v2\/media\/764"}],"wp:attachment":[{"href":"https:\/\/lageplan.ufc.br\/index.php\/wp-json\/wp\/v2\/media?parent=92"}],"curies":[{"name":"wp","href":"https:\/\/api.w.org\/{rel}","templated":true}]}}