{"id":83,"date":"2020-05-29T01:20:26","date_gmt":"2020-05-29T04:20:26","guid":{"rendered":"https:\/\/lageplan.ufc.br\/?page_id=83"},"modified":"2023-09-24T20:10:06","modified_gmt":"2023-09-24T23:10:06","slug":"ideia","status":"publish","type":"page","link":"https:\/\/lageplan.ufc.br\/index.php\/pesquisas\/extensao\/ideia\/","title":{"rendered":"IDEIA \u2013 Intera\u00e7\u00f5es Did\u00e1ticas para Educa\u00e7\u00e3o Ind\u00edgena e Ambiental"},"content":{"rendered":"<p style=\"padding-left: 40px; text-align: justify;\"><strong>Orientador:<\/strong> Prof. Dr. Carlos Henrique Sopchaki<br \/>\n<strong>Bolsista:<\/strong> (projeto suspenso temporariamente)<\/p>\n<div style=\"text-align: justify;\">Os sistemas de informa\u00e7\u00f5es voltados para educa\u00e7\u00e3o como um todo, tem evolu\u00eddo de forma significativa e progressiva, utilizando principalmente a inform\u00e1tica como meio de\u00a0comunica\u00e7\u00e3o. Apesar deste avan\u00e7o na forma de comunica\u00e7\u00e3o, dentro das estrat\u00e9gias did\u00e1ticas\u00a0constata-se que essas formas Pedag\u00f3gicas n\u00e3o t\u00eam alcan\u00e7ado de forma homog\u00eanea as escolas\u00a0ind\u00edgenas diferenciadas e escolas p\u00fablicas nas comunidades tradicionais e perif\u00e9ricas. Nesse\u00a0sentido o projeto busca contribuir para uma maior dispers\u00e3o e absor\u00e7\u00e3o das novas tecnologias\u00a0aplicadas na Educa\u00e7\u00e3o Ind\u00edgena e Ambiental, com intuito da difus\u00e3o da inser\u00e7\u00e3o de uma nova\u00a0Pedagogia utilizando os recursos digitais, a extens\u00e3o levar\u00e1 at\u00e9 as comunidades ind\u00edgenas e\u00a0urbanas perif\u00e9ricas, a metodologia de elabora\u00e7\u00e3o de material did\u00e1tico digital, efetiva\u00e7\u00e3o de\u00a0oficinas de inform\u00e1tica, Educa\u00e7\u00e3o Ambiental e exposi\u00e7\u00f5es tem\u00e1ticas \u00e1udio visual de acordo\u00a0com os problemas vivenciados nos locais de atua\u00e7\u00e3o do projeto.<\/div>\n","protected":false},"excerpt":{"rendered":"<p>Orientador: Prof. Dr. Carlos Henrique Sopchaki Bolsista: (projeto suspenso temporariamente) Os sistemas de informa\u00e7\u00f5es voltados&hellip;<\/p>\n<p> <a class=\"more-link\" href=\"https:\/\/lageplan.ufc.br\/index.php\/pesquisas\/extensao\/ideia\/\">Leia mais<\/a><\/p>\n","protected":false},"author":1,"featured_media":775,"parent":57,"menu_order":0,"comment_status":"closed","ping_status":"closed","template":"","meta":{"footnotes":""},"class_list":["post-83","page","type-page","status-publish","has-post-thumbnail"],"_links":{"self":[{"href":"https:\/\/lageplan.ufc.br\/index.php\/wp-json\/wp\/v2\/pages\/83"}],"collection":[{"href":"https:\/\/lageplan.ufc.br\/index.php\/wp-json\/wp\/v2\/pages"}],"about":[{"href":"https:\/\/lageplan.ufc.br\/index.php\/wp-json\/wp\/v2\/types\/page"}],"author":[{"embeddable":true,"href":"https:\/\/lageplan.ufc.br\/index.php\/wp-json\/wp\/v2\/users\/1"}],"replies":[{"embeddable":true,"href":"https:\/\/lageplan.ufc.br\/index.php\/wp-json\/wp\/v2\/comments?post=83"}],"version-history":[{"count":5,"href":"https:\/\/lageplan.ufc.br\/index.php\/wp-json\/wp\/v2\/pages\/83\/revisions"}],"predecessor-version":[{"id":776,"href":"https:\/\/lageplan.ufc.br\/index.php\/wp-json\/wp\/v2\/pages\/83\/revisions\/776"}],"up":[{"embeddable":true,"href":"https:\/\/lageplan.ufc.br\/index.php\/wp-json\/wp\/v2\/pages\/57"}],"wp:featuredmedia":[{"embeddable":true,"href":"https:\/\/lageplan.ufc.br\/index.php\/wp-json\/wp\/v2\/media\/775"}],"wp:attachment":[{"href":"https:\/\/lageplan.ufc.br\/index.php\/wp-json\/wp\/v2\/media?parent=83"}],"curies":[{"name":"wp","href":"https:\/\/api.w.org\/{rel}","templated":true}]}}