{"id":80,"date":"2020-05-29T01:17:52","date_gmt":"2020-05-29T04:17:52","guid":{"rendered":"https:\/\/lageplan.ufc.br\/?page_id=80"},"modified":"2023-09-24T20:19:06","modified_gmt":"2023-09-24T23:19:06","slug":"percepcoes-da-transversalidade-da-educacao-ambiental-entre-graduandos-de-geografia-da-ufc","status":"publish","type":"page","link":"https:\/\/lageplan.ufc.br\/index.php\/pesquisas\/bia\/percepcoes-da-transversalidade-da-educacao-ambiental-entre-graduandos-de-geografia-da-ufc\/","title":{"rendered":"Percep\u00e7\u00f5es da transversalidade da educa\u00e7\u00e3o ambiental entre graduandos de Geografia da UFC"},"content":{"rendered":"<p style=\"padding-left: 40px; text-align: justify;\"><strong>Orientador:<\/strong> Prof. Dr. Edson Vicente<br \/>\n<strong>Bolsista:<\/strong> (projeto suspenso temporariamente)<\/p>\n<p style=\"text-align: justify;\">A Educa\u00e7\u00e3o Ambiental (EA) \u00e9 um tema essencialmente transversal tanto na educa\u00e7\u00e3o informal como nos diversos n\u00edveis de escolariza\u00e7\u00e3o formal, desde o ensino b\u00e1sico, passando pela universidade e p\u00f3s-gradua\u00e7\u00e3o. Alguns cursos de gradua\u00e7\u00e3o possuem em sua matriz curricular a disciplina EA. Todavia, esse direcionamento n\u00e3o contempla a diversidade das tem\u00e1ticas ambientais. A agenda 2030 da Organiza\u00e7\u00e3o das Na\u00e7\u00f5es Unidas (ONU,2015), destaca 17 Objetivos do Desenvolvimento Sustent\u00e1vel &#8211; ODS, na perspectiva de serem implementados at\u00e9 2030, onde as dimens\u00f5es econ\u00f4mica, social e ambiental devem ser contempladas de forma equilibrada e integrada, tendo a educa\u00e7\u00e3o papel primordial. Diante do exposto, este projeto est\u00e1 em conson\u00e2ncia com os ODS, notadamente nos t\u00f3picos que tratam de educa\u00e7\u00e3o e meio ambiente. Al\u00e9m disso, a inclus\u00e3o de tem\u00e1ticas transversais na forma\u00e7\u00e3o acad\u00eamica \u00e9 uma forma de estimular a consci\u00eancia cr\u00edtica.<\/p>\n","protected":false},"excerpt":{"rendered":"<p>Orientador: Prof. Dr. Edson Vicente Bolsista: (projeto suspenso temporariamente) A Educa\u00e7\u00e3o Ambiental (EA) \u00e9 um&hellip;<\/p>\n<p> <a class=\"more-link\" href=\"https:\/\/lageplan.ufc.br\/index.php\/pesquisas\/bia\/percepcoes-da-transversalidade-da-educacao-ambiental-entre-graduandos-de-geografia-da-ufc\/\">Leia mais<\/a><\/p>\n","protected":false},"author":1,"featured_media":780,"parent":64,"menu_order":0,"comment_status":"closed","ping_status":"closed","template":"","meta":{"footnotes":""},"class_list":["post-80","page","type-page","status-publish","has-post-thumbnail"],"_links":{"self":[{"href":"https:\/\/lageplan.ufc.br\/index.php\/wp-json\/wp\/v2\/pages\/80"}],"collection":[{"href":"https:\/\/lageplan.ufc.br\/index.php\/wp-json\/wp\/v2\/pages"}],"about":[{"href":"https:\/\/lageplan.ufc.br\/index.php\/wp-json\/wp\/v2\/types\/page"}],"author":[{"embeddable":true,"href":"https:\/\/lageplan.ufc.br\/index.php\/wp-json\/wp\/v2\/users\/1"}],"replies":[{"embeddable":true,"href":"https:\/\/lageplan.ufc.br\/index.php\/wp-json\/wp\/v2\/comments?post=80"}],"version-history":[{"count":5,"href":"https:\/\/lageplan.ufc.br\/index.php\/wp-json\/wp\/v2\/pages\/80\/revisions"}],"predecessor-version":[{"id":781,"href":"https:\/\/lageplan.ufc.br\/index.php\/wp-json\/wp\/v2\/pages\/80\/revisions\/781"}],"up":[{"embeddable":true,"href":"https:\/\/lageplan.ufc.br\/index.php\/wp-json\/wp\/v2\/pages\/64"}],"wp:featuredmedia":[{"embeddable":true,"href":"https:\/\/lageplan.ufc.br\/index.php\/wp-json\/wp\/v2\/media\/780"}],"wp:attachment":[{"href":"https:\/\/lageplan.ufc.br\/index.php\/wp-json\/wp\/v2\/media?parent=80"}],"curies":[{"name":"wp","href":"https:\/\/api.w.org\/{rel}","templated":true}]}}