{"id":78,"date":"2020-05-29T01:17:25","date_gmt":"2020-05-29T04:17:25","guid":{"rendered":"https:\/\/lageplan.ufc.br\/?page_id=78"},"modified":"2024-09-18T10:43:58","modified_gmt":"2024-09-18T13:43:58","slug":"sala-verde-agua-viva","status":"publish","type":"page","link":"https:\/\/lageplan.ufc.br\/index.php\/pesquisas\/extensao\/sala-verde-agua-viva\/","title":{"rendered":"Sala Verde \u00c1gua Viva: Integra\u00e7\u00e3o acad\u00eamica entre ensino, pesquisa e extens\u00e3o atrav\u00e9s da perspectiva ambiental"},"content":{"rendered":"<p style=\"padding-left: 40px; text-align: justify;\"><strong>Orientador:<\/strong> Prof. Dr. Edson Vicente da Silva<br \/>\n<strong>Bolsista(s):<\/strong> <span class=\"OYPEnA text-decoration-none text-strikethrough-none\">Isabel Freire Ara\u00fajo<\/span><\/p>\n<p style=\"text-align: justify;\">A necessidade de uma crescente dissemina\u00e7\u00e3o de informa\u00e7\u00f5es acerca da problem\u00e1tica ambiental, um conhecimento em constru\u00e7\u00e3o, demanda esfor\u00e7o para o fortalecimento de vis\u00f5es integradoras que, centradas no desenvolvimento sustent\u00e1vel, estimulem uma reflex\u00e3o sobre a diversidade e a constru\u00e7\u00e3o de conhecimentos em torno das rela\u00e7\u00f5es sociedade-natureza, dos impactos ambientais globais e locais e das rela\u00e7\u00f5es ambiente-desenvolvimento. Nessa perspectiva apresenta-se a import\u00e2ncia da biblioteca Sala Verde \u00c1gua Viva que integra o Laborat\u00f3rio de Geoecologia da Paisagem e Planejamento Ambiental \u2013 LAGEPLAN no Departamento de Geografia e conta com um acervo de 511 livros e 413 cartilhas sobre Meio Ambiente, Legisla\u00e7\u00e3o Ambiental, Educa\u00e7\u00e3o Ambiental, Ecologia, Recursos H\u00eddricos, Forma\u00e7\u00e3o Pedag\u00f3gica, entre outros, produzidas e\/ou fornecidas pelo Minist\u00e9rio do Meio Ambiente, bem como publica\u00e7\u00f5es do pr\u00f3prio Departamento de Geografia da UFC.<\/p>\n<p style=\"text-align: justify;\">Possui ainda um acervo midi\u00e1tico, com o qual promove atividade de exibi\u00e7\u00e3o de filmes, curtas-metragens e document\u00e1rios que abordam diversos temas, como utiliza\u00e7\u00e3o de agrot\u00f3xicos, altera\u00e7\u00f5es clim\u00e1ticas, ecossistema manguezal e cotidiano das comunidades costeiras, consumismo, impactos ambientais, res\u00edduos s\u00f3lidos, reciclagem, degrada\u00e7\u00e3o, gest\u00e3o e manejo dos ecursos h\u00eddricos. Todo o acervo da Sala Verde \u00c1gua Viva est\u00e1 dispon\u00edvel para exposi\u00e7\u00e3o consulta e empr\u00e9stimo na Universidade, nas escolas, e nas comunidades, com a finalidade fundamental de ampliar o acesso \u00e0 informa\u00e7\u00e3o acerca das quest\u00f5es ambientais e sociais.<\/p>\n<p style=\"text-align: justify;\">A Sala Verde \u00c1gua Viva objetiva a dissemina\u00e7\u00e3o e propaga\u00e7\u00e3o da consci\u00eancia ambiental, atrav\u00e9s da disponibiliza\u00e7\u00e3o e democratiza\u00e7\u00e3o do acesso \u00e0s informa\u00e7\u00f5es sobre a tem\u00e1tica ambiental, voltadas principalmente a interdisciplinaridade, promovidas por meio de grupos de estudos, rodas de conversas, cine-debates, palestras, oficinas e cursos que discutem artigos e livros sobre tem\u00e1ticas atuais e pertinentes a gest\u00e3o ambiental. O p\u00fablico-alvo das atividades da Sala Verde \u00c1gua Viva s\u00e3o os alunos rec\u00e9m-ingressos e veteranos do curso de Geografia e p\u00f3s-graduandos em Geografia e em Desenvolvimento e Meio Ambiente (PRODEMA) da Universidade Federal do Cear\u00e1 como forma de dissemina\u00e7\u00e3o de informa\u00e7\u00f5es e troca de experi\u00eancias entre os mesmos que permitam entre outros objetivos, a diminui\u00e7\u00e3o da evas\u00e3o dos alunos rec\u00e9m-ingressos e o entrosamento, engajamento e sensibiliza\u00e7\u00e3o dos alunos do curso Geografia com a tem\u00e1tica ambiental.<\/p>\n","protected":false},"excerpt":{"rendered":"<p>Orientador: Prof. Dr. Edson Vicente da Silva Bolsista(s): Isabel Freire Ara\u00fajo A necessidade de uma&hellip;<\/p>\n<p> <a class=\"more-link\" href=\"https:\/\/lageplan.ufc.br\/index.php\/pesquisas\/extensao\/sala-verde-agua-viva\/\">Leia mais<\/a><\/p>\n","protected":false},"author":1,"featured_media":779,"parent":57,"menu_order":0,"comment_status":"closed","ping_status":"closed","template":"","meta":{"footnotes":""},"class_list":["post-78","page","type-page","status-publish","has-post-thumbnail"],"_links":{"self":[{"href":"https:\/\/lageplan.ufc.br\/index.php\/wp-json\/wp\/v2\/pages\/78"}],"collection":[{"href":"https:\/\/lageplan.ufc.br\/index.php\/wp-json\/wp\/v2\/pages"}],"about":[{"href":"https:\/\/lageplan.ufc.br\/index.php\/wp-json\/wp\/v2\/types\/page"}],"author":[{"embeddable":true,"href":"https:\/\/lageplan.ufc.br\/index.php\/wp-json\/wp\/v2\/users\/1"}],"replies":[{"embeddable":true,"href":"https:\/\/lageplan.ufc.br\/index.php\/wp-json\/wp\/v2\/comments?post=78"}],"version-history":[{"count":10,"href":"https:\/\/lageplan.ufc.br\/index.php\/wp-json\/wp\/v2\/pages\/78\/revisions"}],"predecessor-version":[{"id":2435,"href":"https:\/\/lageplan.ufc.br\/index.php\/wp-json\/wp\/v2\/pages\/78\/revisions\/2435"}],"up":[{"embeddable":true,"href":"https:\/\/lageplan.ufc.br\/index.php\/wp-json\/wp\/v2\/pages\/57"}],"wp:featuredmedia":[{"embeddable":true,"href":"https:\/\/lageplan.ufc.br\/index.php\/wp-json\/wp\/v2\/media\/779"}],"wp:attachment":[{"href":"https:\/\/lageplan.ufc.br\/index.php\/wp-json\/wp\/v2\/media?parent=78"}],"curies":[{"name":"wp","href":"https:\/\/api.w.org\/{rel}","templated":true}]}}