{"id":76,"date":"2020-05-29T01:11:40","date_gmt":"2020-05-29T04:11:40","guid":{"rendered":"https:\/\/lageplan.ufc.br\/?page_id=76"},"modified":"2024-09-18T11:17:57","modified_gmt":"2024-09-18T14:17:57","slug":"mangrove","status":"publish","type":"page","link":"https:\/\/lageplan.ufc.br\/index.php\/pesquisas\/extensao\/mangrove\/","title":{"rendered":"MANGROVE \u2013 Educa\u00e7\u00e3o Ambiental em \u00c1reas de Manguezal"},"content":{"rendered":"<p style=\"padding-left: 40px; text-align: justify;\"><strong>Orientador:<\/strong> Prof. Dr. Ant\u00f4nio Jeovah de Andrade Meireles<br \/>\n<strong>Bolsista:<\/strong> Gisela Maria Andrade de Castro<\/p>\n<p style=\"text-align: justify;\">O Projeto Mangrove \u2013 Educa\u00e7\u00e3o Ambiental em \u00c1reas de Manguezal \u00e9 vinculado ao Laborat\u00f3rio de Geoecologia da Paisagem e Planejamento Ambiental, localizado no Departamento de Geografia-UFC, e vem, ao longo dos anos de sua implementa\u00e7\u00e3o, realizando atividades de Educa\u00e7\u00e3o Ambiental em Escolas P\u00fablicas de Fortaleza e Regi\u00e3o Metropolitana e em Comunidades Litor\u00e2neas. De modo geral, o projeto atua realizando oficinas de car\u00e1ter te\u00f3rico-pr\u00e1tico, onde s\u00e3o apresentados, de maneira cr\u00edtica, temas socioambientais, s\u00e3o realizadas tamb\u00e9m, atividades de campo em manguezais pr\u00f3ximos as escolas, a fim de apresentar o ecossistema e a import\u00e2ncia deste para o equil\u00edbrio da din\u00e2mica fluviomarinha. As atividades s\u00e3o realizadas em parceria com outros projetos do Laborat\u00f3rio de Geoecologia da Paisagem e Planejamento Ambiental (LAGEPLAN), onde s\u00e3o elaborados materiais did\u00e1ticos, al\u00e9m de atividades dentro do pr\u00f3prio Departamento de Geografia, como a exibi\u00e7\u00e3o de filmes e realiza\u00e7\u00e3o de rodas de discuss\u00e3o.<\/p>\n","protected":false},"excerpt":{"rendered":"<p>Orientador: Prof. Dr. Ant\u00f4nio Jeovah de Andrade Meireles Bolsista: Gisela Maria Andrade de Castro O&hellip;<\/p>\n<p> <a class=\"more-link\" href=\"https:\/\/lageplan.ufc.br\/index.php\/pesquisas\/extensao\/mangrove\/\">Leia mais<\/a><\/p>\n","protected":false},"author":1,"featured_media":757,"parent":57,"menu_order":0,"comment_status":"closed","ping_status":"closed","template":"","meta":{"footnotes":""},"class_list":["post-76","page","type-page","status-publish","has-post-thumbnail"],"_links":{"self":[{"href":"https:\/\/lageplan.ufc.br\/index.php\/wp-json\/wp\/v2\/pages\/76"}],"collection":[{"href":"https:\/\/lageplan.ufc.br\/index.php\/wp-json\/wp\/v2\/pages"}],"about":[{"href":"https:\/\/lageplan.ufc.br\/index.php\/wp-json\/wp\/v2\/types\/page"}],"author":[{"embeddable":true,"href":"https:\/\/lageplan.ufc.br\/index.php\/wp-json\/wp\/v2\/users\/1"}],"replies":[{"embeddable":true,"href":"https:\/\/lageplan.ufc.br\/index.php\/wp-json\/wp\/v2\/comments?post=76"}],"version-history":[{"count":7,"href":"https:\/\/lageplan.ufc.br\/index.php\/wp-json\/wp\/v2\/pages\/76\/revisions"}],"predecessor-version":[{"id":2436,"href":"https:\/\/lageplan.ufc.br\/index.php\/wp-json\/wp\/v2\/pages\/76\/revisions\/2436"}],"up":[{"embeddable":true,"href":"https:\/\/lageplan.ufc.br\/index.php\/wp-json\/wp\/v2\/pages\/57"}],"wp:featuredmedia":[{"embeddable":true,"href":"https:\/\/lageplan.ufc.br\/index.php\/wp-json\/wp\/v2\/media\/757"}],"wp:attachment":[{"href":"https:\/\/lageplan.ufc.br\/index.php\/wp-json\/wp\/v2\/media?parent=76"}],"curies":[{"name":"wp","href":"https:\/\/api.w.org\/{rel}","templated":true}]}}