{"id":74,"date":"2020-05-29T01:11:28","date_gmt":"2020-05-29T04:11:28","guid":{"rendered":"https:\/\/lageplan.ufc.br\/?page_id=74"},"modified":"2024-09-18T10:43:09","modified_gmt":"2024-09-18T13:43:09","slug":"museumundolivre","status":"publish","type":"page","link":"https:\/\/lageplan.ufc.br\/index.php\/pesquisas\/extensao\/museumundolivre\/","title":{"rendered":"Museu de Ci\u00eancias Ambientais Mundo Livre"},"content":{"rendered":"<p style=\"padding-left: 40px; text-align: justify;\"><strong>Orientador:<\/strong> Prof. Dr. Edson Vicente da Silva<br \/>\n<strong>Bolsista:<\/strong> Davi Bezerra Campos<\/p>\n<p style=\"text-align: justify;\">O Projeto de Extens\u00e3o Museu de Ci\u00eancias Ambientais Mundo Livre foi institu\u00eddo em 2002 no Departamento de Geografia e est\u00e1 vinculado ao Laborat\u00f3rio de Geoecologia da Paisagem e Planejamento Ambiental (LAGEPLAN). O museu conta com uma sala que disponibiliza cinco exposi\u00e7\u00f5es permanentes de matrizes do manguezal, ind\u00edgena, africana, f\u00f3sseis, rochas e minerais, al\u00e9m de outras pe\u00e7as e artefatos. O projeto vem atuando nas escolas p\u00fablicas e privadas, em bibliotecas comunit\u00e1rias da cidade de Fortaleza e da Regi\u00e3o Metropolitana (RMF). Este projeto visa promover a\u00e7\u00f5es de Educa\u00e7\u00e3o Ambiental para as escolas do ensino regular, al\u00e9m de mostrar a import\u00e2ncia dos ecossistemas cearenses, em especial, o manguezal. Promove, tamb\u00e9m, o reconhecimento da cultura Ind\u00edgena e Africana por meio de um espa\u00e7o de exposi\u00e7\u00e3o e uma discuss\u00e3o de ideias acerca dessas tem\u00e1ticas, despertando a conscientiza\u00e7\u00e3o coletiva para os problemas de degrada\u00e7\u00e3o ambiental atrav\u00e9s de atividades integradas ao meio ambiente. As atividades no projeto s\u00e3o desenvolvidas dentro do espa\u00e7o f\u00edsico do museu, como cataloga\u00e7\u00e3o e organiza\u00e7\u00e3o do invent\u00e1rio e nas escolas, ou seja, oficinas, palestras, exposi\u00e7\u00f5es e rodas de conversas nas escolas al\u00e9m de apresenta\u00e7\u00f5es de v\u00eddeos e document\u00e1rios envolvendo os ecossistemas dos manguezais do Cear\u00e1, culturas ind\u00edgenas, entre outros debates que envolvem tem\u00e1ticas ambientais e a preserva\u00e7\u00e3o do meio ambiente, mantendo o di\u00e1logo entre escola e universidade.<\/p>\n","protected":false},"excerpt":{"rendered":"<p>Orientador: Prof. Dr. Edson Vicente da Silva Bolsista: Davi Bezerra Campos O Projeto de Extens\u00e3o&hellip;<\/p>\n<p> <a class=\"more-link\" href=\"https:\/\/lageplan.ufc.br\/index.php\/pesquisas\/extensao\/museumundolivre\/\">Leia mais<\/a><\/p>\n","protected":false},"author":1,"featured_media":465,"parent":57,"menu_order":0,"comment_status":"closed","ping_status":"closed","template":"","meta":{"footnotes":""},"class_list":["post-74","page","type-page","status-publish","has-post-thumbnail"],"_links":{"self":[{"href":"https:\/\/lageplan.ufc.br\/index.php\/wp-json\/wp\/v2\/pages\/74"}],"collection":[{"href":"https:\/\/lageplan.ufc.br\/index.php\/wp-json\/wp\/v2\/pages"}],"about":[{"href":"https:\/\/lageplan.ufc.br\/index.php\/wp-json\/wp\/v2\/types\/page"}],"author":[{"embeddable":true,"href":"https:\/\/lageplan.ufc.br\/index.php\/wp-json\/wp\/v2\/users\/1"}],"replies":[{"embeddable":true,"href":"https:\/\/lageplan.ufc.br\/index.php\/wp-json\/wp\/v2\/comments?post=74"}],"version-history":[{"count":5,"href":"https:\/\/lageplan.ufc.br\/index.php\/wp-json\/wp\/v2\/pages\/74\/revisions"}],"predecessor-version":[{"id":2434,"href":"https:\/\/lageplan.ufc.br\/index.php\/wp-json\/wp\/v2\/pages\/74\/revisions\/2434"}],"up":[{"embeddable":true,"href":"https:\/\/lageplan.ufc.br\/index.php\/wp-json\/wp\/v2\/pages\/57"}],"wp:featuredmedia":[{"embeddable":true,"href":"https:\/\/lageplan.ufc.br\/index.php\/wp-json\/wp\/v2\/media\/465"}],"wp:attachment":[{"href":"https:\/\/lageplan.ufc.br\/index.php\/wp-json\/wp\/v2\/media?parent=74"}],"curies":[{"name":"wp","href":"https:\/\/api.w.org\/{rel}","templated":true}]}}