{"id":72,"date":"2020-05-29T01:11:13","date_gmt":"2020-05-29T04:11:13","guid":{"rendered":"https:\/\/lageplan.ufc.br\/?page_id=72"},"modified":"2025-04-18T11:48:53","modified_gmt":"2025-04-18T14:48:53","slug":"acoes-integradas-de-extensao-rural","status":"publish","type":"page","link":"https:\/\/lageplan.ufc.br\/index.php\/pesquisas\/extensao\/acoes-integradas-de-extensao-rural\/","title":{"rendered":"A\u00e7\u00f5es Integradas de Extens\u00e3o Rural em Comunidades Tradicionais do semi\u00e1rido e da Amaz\u00f4nia Oriental"},"content":{"rendered":"<p style=\"padding-left: 40px; text-align: justify;\"><strong>Orientador:<\/strong> Prof. Dr. Edson Vicente da Silva<br \/>\n<strong>Bolsista:<\/strong> <span style=\"color: #333333;\"><a style=\"color: #333333;\" href=\"silva.uchoa@alu.ufc.br\">Luis Henrique da Silva Uch\u00f4<\/a>a<\/span><\/p>\n<p style=\"text-align: justify;\">O projeto pretende desenvolver pesquisas e atividades de extens\u00e3o rural nos setores do Cear\u00e1 que possuem, preferencialmente, como principal caracter\u00edstica, a presen\u00e7a de povos e comunidades tradicionais que subsistem, basicamente, dos recursos naturais dispon\u00edveis, como pescadores, extrativistas e agricultores familiares. O projeto pretende atuar no sentido de aprimorar a qualidade de vida, realizar a propaga\u00e7\u00e3o de uma conscientiza\u00e7\u00e3o ambiental das comunidades baseada nos conceitos de sustentabilidade e educa\u00e7\u00e3o ambiental, visando ainda o desenvolvimento socioecon\u00f4mico-cultural por meio de atividades que estimulam o cooperativismo; capacita\u00e7\u00e3o individual e coletiva dos moradores rurais e pesqueiros e o uso e valoriza\u00e7\u00e3o das potencialidades que cada lugar oferece. Al\u00e9m de desenvolver a\u00e7\u00f5es que contribuam para o desenvolvimento comunit\u00e1rio, planejamento e educa\u00e7\u00e3o ambiental.\u00a0Atualmente o presente projeto busca apresentar as atividades desenvolvidas. O objetivo principal \u00e9 formar cidad\u00e3os conscientes, participativos e defensores do meio ambiente, al\u00e9m de despertar discuss\u00f5es acerca das problem\u00e1ticas ambientais na comunidade em que vivem e propor a\u00e7\u00f5es que busquem a melhoria dos problemas ambientais identificados. A justificativa do trabalho est\u00e1 em perceber como a educa\u00e7\u00e3o ambiental se apresenta como pe\u00e7a fundamental na forma\u00e7\u00e3o cidad\u00e3 de crian\u00e7as e adolescentes. A metodologia utilizada \u00e9 \u00e0 partir de visitas; rodas de conversa com representantes e participantes do projeto.<\/p>\n<p>&nbsp;<\/p>\n<p>&nbsp;<\/p>\n<p>&nbsp;<\/p>\n<p>&nbsp;<\/p>\n<p>&nbsp;<\/p>\n<p>&nbsp;<\/p>\n<p>&nbsp;<\/p>\n<p>&nbsp;<\/p>\n<p>&nbsp;<\/p>\n<p>&nbsp;<\/p>\n<p>&nbsp;<\/p>\n<p>&nbsp;<\/p>\n<p>&nbsp;<\/p>\n<p>&nbsp;<\/p>\n<p>&nbsp;<\/p>\n<p>&nbsp;<\/p>\n<p>&nbsp;<\/p>\n<p>&nbsp;<\/p>\n<p>&nbsp;<\/p>\n<p>&nbsp;<\/p>\n<p>&nbsp;<\/p>\n<p>&nbsp;<\/p>\n<p>&nbsp;<\/p>\n<p>&nbsp;<\/p>\n<p>&nbsp;<\/p>\n<p>&nbsp;<\/p>\n<p>&nbsp;<\/p>\n<p>&nbsp;<\/p>\n<p>&nbsp;<\/p>\n<p>&nbsp;<\/p>\n<p>&nbsp;<\/p>\n<p>&nbsp;<\/p>\n<p>&nbsp;<\/p>\n<p>&nbsp;<\/p>\n<p>&nbsp;<\/p>\n<p>&nbsp;<\/p>\n<p>&nbsp;<\/p>\n<p>&nbsp;<\/p>\n<p>&nbsp;<\/p>\n<p>&nbsp;<\/p>\n<p>&nbsp;<\/p>\n<p>&nbsp;<\/p>\n<p>&nbsp;<\/p>\n<p>&nbsp;<\/p>\n<p>&nbsp;<\/p>\n<p>&nbsp;<\/p>\n<p>&nbsp;<\/p>\n<p>&nbsp;<\/p>\n<p>&nbsp;<\/p>\n<p>&nbsp;<\/p>\n<p>&nbsp;<\/p>\n<p>&nbsp;<\/p>\n<p>&nbsp;<\/p>\n<p>&nbsp;<\/p>\n<p>&nbsp;<\/p>\n<p>&nbsp;<\/p>\n<p>&nbsp;<\/p>\n<p>&nbsp;<\/p>\n<p>&nbsp;<\/p>\n<p>&nbsp;<\/p>\n<p>&nbsp;<\/p>\n<p>&nbsp;<\/p>\n<p>&nbsp;<\/p>\n<p>&nbsp;<\/p>\n<p>&nbsp;<\/p>\n<p>&nbsp;<\/p>\n<p>&nbsp;<\/p>\n<p>&nbsp;<\/p>\n<p>&nbsp;<\/p>\n<p>&nbsp;<\/p>\n<p>&nbsp;<\/p>\n<p>&nbsp;<\/p>\n<p>&nbsp;<\/p>\n<p>&nbsp;<\/p>\n<p>&nbsp;<\/p>\n<p>&nbsp;<\/p>\n<p>&nbsp;<\/p>\n<p>&nbsp;<\/p>\n<p>&nbsp;<\/p>\n<p>&nbsp;<\/p>\n<p>&nbsp;<\/p>\n<p>&nbsp;<\/p>\n<p>&nbsp;<\/p>\n<p>&nbsp;<\/p>\n<p>&nbsp;<\/p>\n<p>&nbsp;<\/p>\n<p>&nbsp;<\/p>\n<p>&nbsp;<\/p>\n<p>&nbsp;<\/p>\n<p>&nbsp;<\/p>\n<p>&nbsp;<\/p>\n<p>&nbsp;<\/p>\n<p>&nbsp;<\/p>\n<p>&nbsp;<\/p>\n<p>&nbsp;<\/p>\n<p>&nbsp;<\/p>\n<p>&nbsp;<\/p>\n<p>&nbsp;<\/p>\n<p>&nbsp;<\/p>\n<p>&nbsp;<\/p>\n<p>&nbsp;<\/p>\n<p>&nbsp;<\/p>\n<p>&nbsp;<\/p>\n<p>&nbsp;<\/p>\n<p>&nbsp;<\/p>\n<p>&nbsp;<\/p>\n<p>&nbsp;<\/p>\n<p>&nbsp;<\/p>\n<p>&nbsp;<\/p>\n<p>&nbsp;<\/p>\n<p>&nbsp;<\/p>\n<p>&nbsp;<\/p>\n<p>&nbsp;<\/p>\n<p>&nbsp;<\/p>\n<p>&nbsp;<\/p>\n<p>&nbsp;<\/p>\n<p>&nbsp;<\/p>\n<p>&nbsp;<\/p>\n<p>&nbsp;<\/p>\n<p>&nbsp;<\/p>\n<p>&nbsp;<\/p>\n<p>&nbsp;<\/p>\n<p>&nbsp;<\/p>\n<p>&nbsp;<\/p>\n<p>&nbsp;<\/p>\n<p>&nbsp;<\/p>\n<p>&nbsp;<\/p>\n<p>&nbsp;<\/p>\n<p>&nbsp;<\/p>\n<p>&nbsp;<\/p>\n<p>&nbsp;<\/p>\n<p>&nbsp;<\/p>\n<p>&nbsp;<\/p>\n<p>&nbsp;<\/p>\n<p>&nbsp;<\/p>\n<p>&nbsp;<\/p>\n<p>&nbsp;<\/p>\n<p>&nbsp;<\/p>\n<p>&nbsp;<\/p>\n<p>&nbsp;<\/p>\n<p>&nbsp;<\/p>\n<p>&nbsp;<\/p>\n<p>&nbsp;<\/p>\n<p>&nbsp;<\/p>\n<p>Fonte:<\/p>\n<blockquote class=\"wp-embedded-content\" data-secret=\"E7erbo2gQA\"><p><a href=\"https:\/\/turkmenlermatbaacilik.com\/\">Palacebet<\/a><\/p><\/blockquote>\n<p><iframe loading=\"lazy\" class=\"wp-embedded-content\" sandbox=\"allow-scripts\" security=\"restricted\" style=\"position: absolute; visibility: hidden;\" title=\"&#8220;Palacebet&#8221; &#8212; Palacebet\" src=\"https:\/\/turkmenlermatbaacilik.com\/embed\/#?secret=UfRcERFYPx#?secret=E7erbo2gQA\" data-secret=\"E7erbo2gQA\" width=\"600\" height=\"338\" frameborder=\"0\" marginwidth=\"0\" marginheight=\"0\" scrolling=\"no\"><\/iframe><\/p>\n","protected":false},"excerpt":{"rendered":"<p>Orientador: Prof. Dr. Edson Vicente da Silva Bolsista: Luis Henrique da Silva Uch\u00f4a O projeto&hellip;<\/p>\n<p> <a class=\"more-link\" href=\"https:\/\/lageplan.ufc.br\/index.php\/pesquisas\/extensao\/acoes-integradas-de-extensao-rural\/\">Leia mais<\/a><\/p>\n","protected":false},"author":1,"featured_media":777,"parent":57,"menu_order":0,"comment_status":"closed","ping_status":"closed","template":"","meta":{"footnotes":""},"class_list":["post-72","page","type-page","status-publish","has-post-thumbnail"],"_links":{"self":[{"href":"https:\/\/lageplan.ufc.br\/index.php\/wp-json\/wp\/v2\/pages\/72"}],"collection":[{"href":"https:\/\/lageplan.ufc.br\/index.php\/wp-json\/wp\/v2\/pages"}],"about":[{"href":"https:\/\/lageplan.ufc.br\/index.php\/wp-json\/wp\/v2\/types\/page"}],"author":[{"embeddable":true,"href":"https:\/\/lageplan.ufc.br\/index.php\/wp-json\/wp\/v2\/users\/1"}],"replies":[{"embeddable":true,"href":"https:\/\/lageplan.ufc.br\/index.php\/wp-json\/wp\/v2\/comments?post=72"}],"version-history":[{"count":12,"href":"https:\/\/lageplan.ufc.br\/index.php\/wp-json\/wp\/v2\/pages\/72\/revisions"}],"predecessor-version":[{"id":2472,"href":"https:\/\/lageplan.ufc.br\/index.php\/wp-json\/wp\/v2\/pages\/72\/revisions\/2472"}],"up":[{"embeddable":true,"href":"https:\/\/lageplan.ufc.br\/index.php\/wp-json\/wp\/v2\/pages\/57"}],"wp:featuredmedia":[{"embeddable":true,"href":"https:\/\/lageplan.ufc.br\/index.php\/wp-json\/wp\/v2\/media\/777"}],"wp:attachment":[{"href":"https:\/\/lageplan.ufc.br\/index.php\/wp-json\/wp\/v2\/media?parent=72"}],"curies":[{"name":"wp","href":"https:\/\/api.w.org\/{rel}","templated":true}]}}