{"id":66,"date":"2020-05-29T01:05:49","date_gmt":"2020-05-29T04:05:49","guid":{"rendered":"https:\/\/lageplan.ufc.br\/?page_id=66"},"modified":"2023-09-24T19:46:25","modified_gmt":"2023-09-24T22:46:25","slug":"paip","status":"publish","type":"page","link":"https:\/\/lageplan.ufc.br\/index.php\/pesquisas\/paip\/","title":{"rendered":"Programa de Acolhimento e Incentivo a Perman\u00eancia (PAIP)"},"content":{"rendered":"<p style=\"text-align: justify;\">O <strong>Programa de Acolhimento e Incentivo \u00e0 Perman\u00eancia<\/strong> busca reduzir a evas\u00e3o nos cursos de gradua\u00e7\u00e3o da UFC atrav\u00e9s da concess\u00e3o de bolsas a estudantes em projetos que contemplem a articula\u00e7\u00e3o, o acompanhamento e avalia\u00e7\u00e3o das a\u00e7\u00f5es acad\u00eamicas desenvolvidas no \u00e2mbito da gradua\u00e7\u00e3o. Os projetos, desempenhados em diversas \u00e1reas, cursos e unidades acad\u00eamicas da UFC, tamb\u00e9m contribuem para uma melhor ambienta\u00e7\u00e3o do estudante nos primeiros semestres da gradua\u00e7\u00e3o, promovem a qualidade do ensino e da aprendizagem e ajudam a aprimorar o processo de autoavalia\u00e7\u00e3o nos cursos de gradua\u00e7\u00e3o da UFC. A Pr\u00f3-Reitoria de Gradua\u00e7\u00e3o (Prograd) \u00e9 respons\u00e1vel por, todos os anos, selecionar e avaliar os projetos contemplados pelo programa. S\u00e3o acompanhadas as atividades realizadas pelos estudantes, avaliada a relev\u00e2ncia do projeto e sua rela\u00e7\u00e3o com os objetivos centrais do programa.<\/p>\n<p style=\"text-align: justify;\">Atualmente, o Laborat\u00f3rio de Geoecologia da Paisagem e Planejamento Ambiental (LAGEPLAN) possui a(s) seguinte(s) Bolsa(s) do Programa de Acolhimento e Incentivo a Perman\u00eancia:<\/p>\n<ul style=\"text-align: justify;\">\n<li><a href=\"https:\/\/lageplan.ufc.br\/index.php\/pesquisas\/paip\/educacao-ambiental-na-formacao-do-sujeito-ecologico\/\" target=\"_blank\" rel=\"noopener noreferrer\"><strong>Educa\u00e7\u00e3o Ambiental na forma\u00e7\u00e3o do sujeito ecol\u00f3gico: Intera\u00e7\u00f5es entre rec\u00e9m-ingressos, veteranos e p\u00f3s-graduandos<\/strong><\/a><\/li>\n<\/ul>\n<p>&nbsp;<\/p>\n<p style=\"padding-left: 40px; text-align: justify;\"><strong>SETOR RESPONS\u00c1VEL<\/strong><\/p>\n<p style=\"text-align: justify; padding-left: 40px;\">Pr\u00f3-Reitoria de Gradua\u00e7\u00e3o<br \/>\nEndere\u00e7o: Campus do Pici \u2013 Bloco 308 \u2013 CEP 60440-554 \u2013 Fortaleza \u2013 CE<br \/>\nFone: (85) 3366 9498 | E-mail:\u00a0<a href=\"mailto:protocolo@prograd.ufc.br\">gabinete@prograd.ufc.br<\/a><\/p>\n","protected":false},"excerpt":{"rendered":"<p>O Programa de Acolhimento e Incentivo \u00e0 Perman\u00eancia busca reduzir a evas\u00e3o nos cursos de&hellip;<\/p>\n<p> <a class=\"more-link\" href=\"https:\/\/lageplan.ufc.br\/index.php\/pesquisas\/paip\/\">Leia mais<\/a><\/p>\n","protected":false},"author":1,"featured_media":763,"parent":363,"menu_order":0,"comment_status":"closed","ping_status":"closed","template":"","meta":{"footnotes":""},"class_list":["post-66","page","type-page","status-publish","has-post-thumbnail"],"_links":{"self":[{"href":"https:\/\/lageplan.ufc.br\/index.php\/wp-json\/wp\/v2\/pages\/66"}],"collection":[{"href":"https:\/\/lageplan.ufc.br\/index.php\/wp-json\/wp\/v2\/pages"}],"about":[{"href":"https:\/\/lageplan.ufc.br\/index.php\/wp-json\/wp\/v2\/types\/page"}],"author":[{"embeddable":true,"href":"https:\/\/lageplan.ufc.br\/index.php\/wp-json\/wp\/v2\/users\/1"}],"replies":[{"embeddable":true,"href":"https:\/\/lageplan.ufc.br\/index.php\/wp-json\/wp\/v2\/comments?post=66"}],"version-history":[{"count":11,"href":"https:\/\/lageplan.ufc.br\/index.php\/wp-json\/wp\/v2\/pages\/66\/revisions"}],"predecessor-version":[{"id":444,"href":"https:\/\/lageplan.ufc.br\/index.php\/wp-json\/wp\/v2\/pages\/66\/revisions\/444"}],"up":[{"embeddable":true,"href":"https:\/\/lageplan.ufc.br\/index.php\/wp-json\/wp\/v2\/pages\/363"}],"wp:featuredmedia":[{"embeddable":true,"href":"https:\/\/lageplan.ufc.br\/index.php\/wp-json\/wp\/v2\/media\/763"}],"wp:attachment":[{"href":"https:\/\/lageplan.ufc.br\/index.php\/wp-json\/wp\/v2\/media?parent=66"}],"curies":[{"name":"wp","href":"https:\/\/api.w.org\/{rel}","templated":true}]}}