{"id":64,"date":"2020-05-29T01:05:31","date_gmt":"2020-05-29T04:05:31","guid":{"rendered":"https:\/\/lageplan.ufc.br\/?page_id=64"},"modified":"2023-09-24T19:45:18","modified_gmt":"2023-09-24T22:45:18","slug":"bia","status":"publish","type":"page","link":"https:\/\/lageplan.ufc.br\/index.php\/pesquisas\/bia\/","title":{"rendered":"Bolsa de Inicia\u00e7\u00e3o Acad\u00eamica (BIA)"},"content":{"rendered":"<p style=\"text-align: justify;\">O\u00a0<strong>Programa de Bolsa de Inicia\u00e7\u00e3o Acad\u00eamica (BIA)<\/strong> tem por objetivo propiciar aos estudantes de Cursos de Gradua\u00e7\u00e3o Presenciais da Universidade Federal do Cear\u00e1 (UFC) \u2013 em situa\u00e7\u00e3o de vulnerabilidade s\u00f3cio-econ\u00f4mica comprovada \u2013 especialmente os de semestres iniciais, condi\u00e7\u00f5es financeiras para sua perman\u00eancia e desempenho acad\u00eamico satisfat\u00f3rio, mediante atua\u00e7\u00e3o, em car\u00e1ter de inicia\u00e7\u00e3o acad\u00eamica, nas diversas unidades da Institui\u00e7\u00e3o. O bolsista de inicia\u00e7\u00e3o acad\u00eamica pode envolver-se em atividades de ensino, pesquisa, extens\u00e3o e administrativas desde que contribuam para sua forma\u00e7\u00e3o acad\u00eamica, profissional e pessoal. As atividades devem ser compat\u00edveis com o potencial de desempenho dos bolsistas, tendo em vista que s\u00e3o jovens iniciando um curso de gradua\u00e7\u00e3o e, possivelmente, matriculados em cursos distintos das atividades acad\u00eamicas e administrativas pr\u00f3prias do local de atua\u00e7\u00e3o. Os estudantes com interesse participar do processo seletivo tamb\u00e9m observar a publica\u00e7\u00e3o do edital que passa por processo de sele\u00e7\u00e3o todo in\u00edcio de ano.<\/p>\n<p style=\"text-align: justify;\">Atualmente, o Laborat\u00f3rio de Geoecologia da Paisagem e Planejamento Ambiental (LAGEPLAN) possui as seguintes Bolsas de Inicia\u00e7\u00e3o Acad\u00eamica:<\/p>\n<ul style=\"text-align: justify;\">\n<li><strong><a href=\"https:\/\/lageplan.ufc.br\/index.php\/projetos\/bolsa-de-iniciacao-academica\/percepcoes-da-transversalidade-da-educacao-ambiental-entre-graduandos-de-geografia-da-ufc\/\" target=\"_blank\" rel=\"noopener noreferrer\">Percep\u00e7\u00f5es da transversalidade da educa\u00e7\u00e3o ambiental entre graduandos de Geografia da UFC<\/a><\/strong><\/li>\n<li><strong><a href=\"https:\/\/lageplan.ufc.br\/index.php\/projetos\/bolsa-de-iniciacao-academica\/sala-verde-agua-viva\/\" target=\"_blank\" rel=\"noopener noreferrer\">Sala Verde \u00c1gua Viva<\/a><\/strong><\/li>\n<\/ul>\n<p>&nbsp;<\/p>\n<p style=\"padding-left: 40px; text-align: justify;\"><strong>SETOR RESPONS\u00c1VEL<\/strong><\/p>\n<p style=\"text-align: justify; padding-left: 40px;\">Pr\u00f3-reitoria de Assuntos Estudantis (PRAE)<br \/>\nEndere\u00e7o: Rua Paulino Nogueira, 315 &#8211; Benfica &#8211; CEP 60020-270 &#8211; Fortaleza &#8211; CE<br \/>\nFone: (85) 3366 7440 | Fax: (85) 3366 7442 | E-mail: prae.secretaria@ufc.br<\/p>\n","protected":false},"excerpt":{"rendered":"<p>O\u00a0Programa de Bolsa de Inicia\u00e7\u00e3o Acad\u00eamica (BIA) tem por objetivo propiciar aos estudantes de Cursos&hellip;<\/p>\n<p> <a class=\"more-link\" href=\"https:\/\/lageplan.ufc.br\/index.php\/pesquisas\/bia\/\">Leia mais<\/a><\/p>\n","protected":false},"author":1,"featured_media":762,"parent":363,"menu_order":0,"comment_status":"closed","ping_status":"closed","template":"","meta":{"footnotes":""},"class_list":["post-64","page","type-page","status-publish","has-post-thumbnail"],"_links":{"self":[{"href":"https:\/\/lageplan.ufc.br\/index.php\/wp-json\/wp\/v2\/pages\/64"}],"collection":[{"href":"https:\/\/lageplan.ufc.br\/index.php\/wp-json\/wp\/v2\/pages"}],"about":[{"href":"https:\/\/lageplan.ufc.br\/index.php\/wp-json\/wp\/v2\/types\/page"}],"author":[{"embeddable":true,"href":"https:\/\/lageplan.ufc.br\/index.php\/wp-json\/wp\/v2\/users\/1"}],"replies":[{"embeddable":true,"href":"https:\/\/lageplan.ufc.br\/index.php\/wp-json\/wp\/v2\/comments?post=64"}],"version-history":[{"count":11,"href":"https:\/\/lageplan.ufc.br\/index.php\/wp-json\/wp\/v2\/pages\/64\/revisions"}],"predecessor-version":[{"id":434,"href":"https:\/\/lageplan.ufc.br\/index.php\/wp-json\/wp\/v2\/pages\/64\/revisions\/434"}],"up":[{"embeddable":true,"href":"https:\/\/lageplan.ufc.br\/index.php\/wp-json\/wp\/v2\/pages\/363"}],"wp:featuredmedia":[{"embeddable":true,"href":"https:\/\/lageplan.ufc.br\/index.php\/wp-json\/wp\/v2\/media\/762"}],"wp:attachment":[{"href":"https:\/\/lageplan.ufc.br\/index.php\/wp-json\/wp\/v2\/media?parent=64"}],"curies":[{"name":"wp","href":"https:\/\/api.w.org\/{rel}","templated":true}]}}