{"id":57,"date":"2020-05-29T01:01:00","date_gmt":"2020-05-29T04:01:00","guid":{"rendered":"https:\/\/lageplan.ufc.br\/?page_id=57"},"modified":"2023-09-24T20:14:05","modified_gmt":"2023-09-24T23:14:05","slug":"extensao","status":"publish","type":"page","link":"https:\/\/lageplan.ufc.br\/index.php\/pesquisas\/extensao\/","title":{"rendered":"Bolsas de Extens\u00e3o"},"content":{"rendered":"<p style=\"text-align: justify;\">O <strong>Programa de Bolsas de Extens\u00e3o<\/strong> tem o objetivo de apoiar as institui\u00e7\u00f5es p\u00fablicas de ensino superior no desenvolvimento de programas ou projetos de extens\u00e3o que contribuam para a implementa\u00e7\u00e3o de pol\u00edticas p\u00fablicas. A Pr\u00f3-reitoria de Extens\u00e3o (Prex) \u00e9 a unidade respons\u00e1vel da UFC em articular o Ensino e a Pesquisa de forma indissoci\u00e1vel, a fim de viabilizar trocas educativas, culturais e cient\u00edficas com a Sociedade. Na\u00a0<em>praxis<\/em> oportunizada pelas a\u00e7\u00f5es extensionistas, docentes, discentes e t\u00e9cnicos-administrativos t\u00eam a chance de aplicar os conhecimentos te\u00f3ricos e, no processo, test\u00e1-los e aprimor\u00e1-los de acordo com o resultado obtido. A cada ano os bolsistas de extens\u00e3o s\u00e3o selecionados de acordo com os editais vigentes, por\u00e9m, s\u00e3o permitidas altera\u00e7\u00f5es de bolsistas no meio do ano.<\/p>\n<p style=\"text-align: justify;\">Atualmente, o Laborat\u00f3rio de Geoecologia da Paisagem e Planejamento Ambiental (LAGEPLAN) possui as seguintes Bolsas de Extens\u00e3o:<\/p>\n<ul style=\"text-align: justify;\">\n<li><strong><a href=\"https:\/\/lageplan.ufc.br\/index.php\/projetos\/extensao\/acoes-integradas-de-extensao-rural\/\" target=\"_blank\" rel=\"noopener noreferrer\">A\u00e7\u00f5es Integradas de Extens\u00e3o Rural em Comunidades Tradicionais do semi\u00e1rido e da Amaz\u00f4nia Oriental<\/a><\/strong><\/li>\n<li><strong><a href=\"https:\/\/lageplan.ufc.br\/index.php\/projetos\/extensao\/ideia\/\" target=\"_blank\" rel=\"noopener noreferrer\">IDEIA \u2013 Intera\u00e7\u00f5es Did\u00e1ticas para Educa\u00e7\u00e3o Ind\u00edgena e Ambiental<\/a><\/strong><\/li>\n<li><strong><a href=\"https:\/\/lageplan.ufc.br\/index.php\/projetos\/extensao\/mangrove\/\" target=\"_blank\" rel=\"noopener noreferrer\">MANGROVE \u2013 Educa\u00e7\u00e3o Ambiental em \u00c1reas de Manguezal<\/a><\/strong><\/li>\n<li><strong><a href=\"https:\/\/lageplan.ufc.br\/index.php\/projetos\/extensao\/museumundolivre\/\" target=\"_blank\" rel=\"noopener noreferrer\">Museu de Ci\u00eancias Ambientais Mundo Livre<\/a><\/strong><\/li>\n<li><strong><a href=\"https:\/\/lageplan.ufc.br\/index.php\/pesquisas\/extensao\/sala-verde-agua-viva\/\">Sala Verde \u00c1gua Viva: Integra\u00e7\u00e3o acad\u00eamica entre ensino, pesquisa e extens\u00e3o atrav\u00e9s da perspectiva ambiental<\/a><\/strong><\/li>\n<\/ul>\n<p style=\"padding-left: 40px; text-align: justify;\"><strong>SETOR RESPONS\u00c1VEL<\/strong><\/p>\n<p style=\"padding-left: 40px; text-align: justify;\">Pr\u00f3-reitoria de Extens\u00e3o &#8211; Coordenadoria de Extens\u00e3o do Campus do Pici<br \/>\nFone: (85) 3366-7459 | E-mail: <a href=\"mailto:pici@prex.ufc.br\">pici@prex.ufc.br<\/a><\/p>\n","protected":false},"excerpt":{"rendered":"<p>O Programa de Bolsas de Extens\u00e3o tem o objetivo de apoiar as institui\u00e7\u00f5es p\u00fablicas de&hellip;<\/p>\n<p> <a class=\"more-link\" href=\"https:\/\/lageplan.ufc.br\/index.php\/pesquisas\/extensao\/\">Leia mais<\/a><\/p>\n","protected":false},"author":1,"featured_media":759,"parent":363,"menu_order":0,"comment_status":"closed","ping_status":"closed","template":"","meta":{"footnotes":""},"class_list":["post-57","page","type-page","status-publish","has-post-thumbnail"],"_links":{"self":[{"href":"https:\/\/lageplan.ufc.br\/index.php\/wp-json\/wp\/v2\/pages\/57"}],"collection":[{"href":"https:\/\/lageplan.ufc.br\/index.php\/wp-json\/wp\/v2\/pages"}],"about":[{"href":"https:\/\/lageplan.ufc.br\/index.php\/wp-json\/wp\/v2\/types\/page"}],"author":[{"embeddable":true,"href":"https:\/\/lageplan.ufc.br\/index.php\/wp-json\/wp\/v2\/users\/1"}],"replies":[{"embeddable":true,"href":"https:\/\/lageplan.ufc.br\/index.php\/wp-json\/wp\/v2\/comments?post=57"}],"version-history":[{"count":17,"href":"https:\/\/lageplan.ufc.br\/index.php\/wp-json\/wp\/v2\/pages\/57\/revisions"}],"predecessor-version":[{"id":778,"href":"https:\/\/lageplan.ufc.br\/index.php\/wp-json\/wp\/v2\/pages\/57\/revisions\/778"}],"up":[{"embeddable":true,"href":"https:\/\/lageplan.ufc.br\/index.php\/wp-json\/wp\/v2\/pages\/363"}],"wp:featuredmedia":[{"embeddable":true,"href":"https:\/\/lageplan.ufc.br\/index.php\/wp-json\/wp\/v2\/media\/759"}],"wp:attachment":[{"href":"https:\/\/lageplan.ufc.br\/index.php\/wp-json\/wp\/v2\/media?parent=57"}],"curies":[{"name":"wp","href":"https:\/\/api.w.org\/{rel}","templated":true}]}}