{"id":557,"date":"2021-05-27T19:53:45","date_gmt":"2021-05-27T22:53:45","guid":{"rendered":"https:\/\/lageplan.ufc.br\/?page_id=557"},"modified":"2023-01-24T21:07:05","modified_gmt":"2023-01-25T00:07:05","slug":"edson-vicente-da-silva","status":"publish","type":"page","link":"https:\/\/lageplan.ufc.br\/index.php\/acervo\/edson-vicente-da-silva\/","title":{"rendered":"Edson Vicente da Silva"},"content":{"rendered":"<p><a href=\"https:\/\/lageplan.ufc.br\/wp-content\/uploads\/2023\/01\/REDE_PRODEMA_ANALISE-GEOECOLOGICA-DA-PAISAGEM-DA-FLORESTA-NACIONAL-DE-CARAJAS.pdf\">IN\u00c1CIO, Alana Pereira. ;VIDAL, Maria Rita.;SILVA, Edson Vicente da. An\u00e1lise geoecol\u00f3gica da paisagem da floresta nacional de Caraj\u00e1s &#8211; Pa. <\/a><strong>Rede<\/strong> \u2013 Revista Eletr\u00f4nica do PRODEMA, Fortaleza, Brasil, v. 15, n 2, 2022. p. 150 \u2013 162. ISSN: 1982-5528<\/p>\n<p><a href=\"https:\/\/lageplan.ufc.br\/wp-content\/uploads\/2022\/10\/CONFINS_Geoecologia-do-Monte-Roraima.pdf\">VIDAL, Maria Rita.; SILVA, Edson Vicente da.; MASCARENHAS. Abra\u00e3o Levi dos Santos. Geoecologia do Monte Roraima: terras altas e terras baixas noextremo Norte da Amaz\u00f4nia Brasileira e Sul da Venezuela. <\/a><a href=\"https:\/\/lageplan.ufc.br\/wp-content\/uploads\/2022\/10\/CONFINS_Geoecologia-do-Monte-Roraima.pdf\"><span style=\"color: #0000ff;\"><strong>Confins.<\/strong> n.55, 2022.\u00a0<\/span><\/a><a href=\"https:\/\/lageplan.ufc.br\/wp-content\/uploads\/2022\/10\/CONFINS_Geoecologia-do-Monte-Roraima.pdf\"> <span style=\"color: #0000ff;\">https:\/\/doi.org\/10.4000\/confins.46907.<\/span><\/a><\/p>\n<p><a href=\"https:\/\/lageplan.ufc.br\/wp-content\/uploads\/2022\/10\/CONFINS_Geoecologia-do-Monte-Roraima.pdf\">VIDAL, Maria Rita.; SILVA, Edson Vicente da<\/a>. <a href=\"https:\/\/lageplan.ufc.br\/wp-content\/uploads\/2022\/10\/GEOFRONTER_ENFOQUE-FUNCIONAL-E-ESTUTRURAL-DA-GEOECOLOGIA-DA-PAISAGEM.pdf\">Enfoque estrutural e funcional da geoecologia das paisagens: modelos e aplica\u00e7oes em ambentes tropicais. <\/a><a href=\"https:\/\/lageplan.ufc.br\/wp-content\/uploads\/2022\/10\/GEOFRONTER_ENFOQUE-FUNCIONAL-E-ESTUTRURAL-DA-GEOECOLOGIA-DA-PAISAGEM.pdf\"><strong>Geofronter<\/strong>, Campo Grande, v. 7, 2021. p. 01-19.<\/a><\/p>\n<p>&nbsp;<\/p>\n","protected":false},"excerpt":{"rendered":"<p>IN\u00c1CIO, Alana Pereira. ;VIDAL, Maria Rita.;SILVA, Edson Vicente da. An\u00e1lise geoecol\u00f3gica da paisagem da floresta&hellip;<\/p>\n<p> <a class=\"more-link\" href=\"https:\/\/lageplan.ufc.br\/index.php\/acervo\/edson-vicente-da-silva\/\">Leia mais<\/a><\/p>\n","protected":false},"author":1,"featured_media":0,"parent":544,"menu_order":0,"comment_status":"closed","ping_status":"closed","template":"","meta":{"footnotes":""},"class_list":["post-557","page","type-page","status-publish"],"_links":{"self":[{"href":"https:\/\/lageplan.ufc.br\/index.php\/wp-json\/wp\/v2\/pages\/557"}],"collection":[{"href":"https:\/\/lageplan.ufc.br\/index.php\/wp-json\/wp\/v2\/pages"}],"about":[{"href":"https:\/\/lageplan.ufc.br\/index.php\/wp-json\/wp\/v2\/types\/page"}],"author":[{"embeddable":true,"href":"https:\/\/lageplan.ufc.br\/index.php\/wp-json\/wp\/v2\/users\/1"}],"replies":[{"embeddable":true,"href":"https:\/\/lageplan.ufc.br\/index.php\/wp-json\/wp\/v2\/comments?post=557"}],"version-history":[{"count":18,"href":"https:\/\/lageplan.ufc.br\/index.php\/wp-json\/wp\/v2\/pages\/557\/revisions"}],"predecessor-version":[{"id":737,"href":"https:\/\/lageplan.ufc.br\/index.php\/wp-json\/wp\/v2\/pages\/557\/revisions\/737"}],"up":[{"embeddable":true,"href":"https:\/\/lageplan.ufc.br\/index.php\/wp-json\/wp\/v2\/pages\/544"}],"wp:attachment":[{"href":"https:\/\/lageplan.ufc.br\/index.php\/wp-json\/wp\/v2\/media?parent=557"}],"curies":[{"name":"wp","href":"https:\/\/api.w.org\/{rel}","templated":true}]}}