{"id":544,"date":"2021-05-27T19:43:09","date_gmt":"2021-05-27T22:43:09","guid":{"rendered":"https:\/\/lageplan.ufc.br\/?page_id=544"},"modified":"2023-09-24T19:37:30","modified_gmt":"2023-09-24T22:37:30","slug":"acervo","status":"publish","type":"page","link":"https:\/\/lageplan.ufc.br\/index.php\/acervo\/","title":{"rendered":"Acervo"},"content":{"rendered":"<p>Jos\u00e9 Manuel Mateo Rodriguez<\/p>\n<p>Edson Vicente da Silva<\/p>\n<p><a href=\"https:\/\/lageplan.ufc.br\/wp-content\/uploads\/2023\/01\/LIVRO_Geoecologia_6edicao.pdf\">Livros<\/a><\/p>\n<p><a href=\"https:\/\/lageplan.ufc.br\/index.php\/acervo\/materiais-de-educacao-ambiental\/\">Materiais de Educa\u00e7\u00e3o Ambiental<\/a><\/p>\n","protected":false},"excerpt":{"rendered":"<p>Jos\u00e9 Manuel Mateo Rodriguez Edson Vicente da Silva Livros Materiais de Educa\u00e7\u00e3o Ambiental<\/p>\n","protected":false},"author":1,"featured_media":758,"parent":0,"menu_order":0,"comment_status":"closed","ping_status":"closed","template":"","meta":{"footnotes":""},"class_list":["post-544","page","type-page","status-publish","has-post-thumbnail"],"_links":{"self":[{"href":"https:\/\/lageplan.ufc.br\/index.php\/wp-json\/wp\/v2\/pages\/544"}],"collection":[{"href":"https:\/\/lageplan.ufc.br\/index.php\/wp-json\/wp\/v2\/pages"}],"about":[{"href":"https:\/\/lageplan.ufc.br\/index.php\/wp-json\/wp\/v2\/types\/page"}],"author":[{"embeddable":true,"href":"https:\/\/lageplan.ufc.br\/index.php\/wp-json\/wp\/v2\/users\/1"}],"replies":[{"embeddable":true,"href":"https:\/\/lageplan.ufc.br\/index.php\/wp-json\/wp\/v2\/comments?post=544"}],"version-history":[{"count":7,"href":"https:\/\/lageplan.ufc.br\/index.php\/wp-json\/wp\/v2\/pages\/544\/revisions"}],"predecessor-version":[{"id":725,"href":"https:\/\/lageplan.ufc.br\/index.php\/wp-json\/wp\/v2\/pages\/544\/revisions\/725"}],"wp:featuredmedia":[{"embeddable":true,"href":"https:\/\/lageplan.ufc.br\/index.php\/wp-json\/wp\/v2\/media\/758"}],"wp:attachment":[{"href":"https:\/\/lageplan.ufc.br\/index.php\/wp-json\/wp\/v2\/media?parent=544"}],"curies":[{"name":"wp","href":"https:\/\/api.w.org\/{rel}","templated":true}]}}