{"id":506,"date":"2020-07-07T21:27:17","date_gmt":"2020-07-08T00:27:17","guid":{"rendered":"https:\/\/lageplan.ufc.br\/?page_id=506"},"modified":"2023-09-24T20:03:11","modified_gmt":"2023-09-24T23:03:11","slug":"editais","status":"publish","type":"page","link":"https:\/\/lageplan.ufc.br\/index.php\/sobre\/editais\/","title":{"rendered":"Editais"},"content":{"rendered":"<ul>\n<li>Bolsas de Extens\u00e3o<\/li>\n<li>P\u00f3s-gradua\u00e7\u00e3o em Geografia<\/li>\n<\/ul>\n","protected":false},"excerpt":{"rendered":"<p>Bolsas de Extens\u00e3o P\u00f3s-gradua\u00e7\u00e3o em Geografia<\/p>\n","protected":false},"author":1,"featured_media":770,"parent":371,"menu_order":0,"comment_status":"closed","ping_status":"closed","template":"","meta":{"footnotes":""},"class_list":["post-506","page","type-page","status-publish","has-post-thumbnail"],"_links":{"self":[{"href":"https:\/\/lageplan.ufc.br\/index.php\/wp-json\/wp\/v2\/pages\/506"}],"collection":[{"href":"https:\/\/lageplan.ufc.br\/index.php\/wp-json\/wp\/v2\/pages"}],"about":[{"href":"https:\/\/lageplan.ufc.br\/index.php\/wp-json\/wp\/v2\/types\/page"}],"author":[{"embeddable":true,"href":"https:\/\/lageplan.ufc.br\/index.php\/wp-json\/wp\/v2\/users\/1"}],"replies":[{"embeddable":true,"href":"https:\/\/lageplan.ufc.br\/index.php\/wp-json\/wp\/v2\/comments?post=506"}],"version-history":[{"count":2,"href":"https:\/\/lageplan.ufc.br\/index.php\/wp-json\/wp\/v2\/pages\/506\/revisions"}],"predecessor-version":[{"id":771,"href":"https:\/\/lageplan.ufc.br\/index.php\/wp-json\/wp\/v2\/pages\/506\/revisions\/771"}],"up":[{"embeddable":true,"href":"https:\/\/lageplan.ufc.br\/index.php\/wp-json\/wp\/v2\/pages\/371"}],"wp:featuredmedia":[{"embeddable":true,"href":"https:\/\/lageplan.ufc.br\/index.php\/wp-json\/wp\/v2\/media\/770"}],"wp:attachment":[{"href":"https:\/\/lageplan.ufc.br\/index.php\/wp-json\/wp\/v2\/media?parent=506"}],"curies":[{"name":"wp","href":"https:\/\/api.w.org\/{rel}","templated":true}]}}