{"id":403,"date":"2020-06-06T07:34:53","date_gmt":"2020-06-06T10:34:53","guid":{"rendered":"https:\/\/lageplan.ufc.br\/?page_id=403"},"modified":"2023-09-24T20:21:18","modified_gmt":"2023-09-24T23:21:18","slug":"educacao-ambiental-na-formacao-do-sujeito-ecologico","status":"publish","type":"page","link":"https:\/\/lageplan.ufc.br\/index.php\/pesquisas\/paip\/educacao-ambiental-na-formacao-do-sujeito-ecologico\/","title":{"rendered":"Educa\u00e7\u00e3o Ambiental na forma\u00e7\u00e3o do sujeito ecol\u00f3gico: Intera\u00e7\u00f5es entre rec\u00e9m-ingressos, veteranos e p\u00f3s-graduandos"},"content":{"rendered":"<p style=\"padding-left: 40px;\"><strong>Orientador:<\/strong> Prof. Dr. Edson Vicente da Silva<br \/>\n<strong>Bolsistas: <\/strong>(projeto suspenso temporariamente)<\/p>\n<p style=\"text-align: justify;\">As pol\u00edticas afirmativas se configuram em importante diferencial para o est\u00edmulo \u00e0 perman\u00eancia do estudante de gradua\u00e7\u00e3o no seu curso. Um estudo realizado sobre a evas\u00e3o em cursos de licenciatura em geografia em Universidade p\u00fablica do Paran\u00e1 (WILHELM, 2019), O projeto PAIP (Programa de Acolhimento e Incentivo a Perman\u00eancia) com o orientador Professor Doutor Edson Vicente e bolsista \u00c9lkila Peres tem como objetivo manter o aluno na universidade pois essas a\u00e7\u00f5es de acolhimento e aprofundamento das percep\u00e7\u00f5es sobre as possibilidades interdisciplinares do profissional em forma\u00e7\u00e3o, podem refor\u00e7ar os la\u00e7os do estudante com seu curso e com o ambiente universit\u00e1rio. A Educa\u00e7\u00e3o Ambiental consiste em incluir a vari\u00e1vel ambiental na forma\u00e7\u00e3o do sujeito ecol\u00f3gico para que considere a conserva\u00e7\u00e3o e o uso racional dos recursos naturais como indissoci\u00e1veis em rela\u00e7\u00e3o \u00e0s outras vari\u00e1veis do desenvolvimento sustent\u00e1vel, a econ\u00f4mica, a social, a pol\u00edtica e a \u00e9tica. As a\u00e7\u00f5es que envolvem ensino, pesquisa e extens\u00e3o previstas neste projeto e direcionadas para jovens estudantes de escolas das comunidades, podem trazer duas formas de retorno social. Contribuir com a forma\u00e7\u00e3o ambiental destes jovens e dos universit\u00e1rios envolvidos, al\u00e9m de refor\u00e7ar a perman\u00eancia na universidade pela integra\u00e7\u00e3o novatos-veteranos e pela amplia\u00e7\u00e3o da percep\u00e7\u00e3o quanto \u00e0 pr\u00f3pria forma\u00e7\u00e3o acad\u00eamica interdisciplinar, refletindo assim na redu\u00e7\u00e3o da evas\u00e3o universit\u00e1ria. Diante dos argumentos, as a\u00e7\u00f5es de acolhimento e aprofundamento das percep\u00e7\u00f5es sobre as possibilidades interdisciplinares do profissional em forma\u00e7\u00e3o, podem refor\u00e7ar os la\u00e7os do estudante com seu curso e com o ambiente universit\u00e1rio<\/p>\n","protected":false},"excerpt":{"rendered":"<p>Orientador: Prof. Dr. Edson Vicente da Silva Bolsistas: (projeto suspenso temporariamente) As pol\u00edticas afirmativas se&hellip;<\/p>\n<p> <a class=\"more-link\" href=\"https:\/\/lageplan.ufc.br\/index.php\/pesquisas\/paip\/educacao-ambiental-na-formacao-do-sujeito-ecologico\/\">Leia mais<\/a><\/p>\n","protected":false},"author":1,"featured_media":782,"parent":66,"menu_order":0,"comment_status":"closed","ping_status":"closed","template":"","meta":{"footnotes":""},"class_list":["post-403","page","type-page","status-publish","has-post-thumbnail"],"_links":{"self":[{"href":"https:\/\/lageplan.ufc.br\/index.php\/wp-json\/wp\/v2\/pages\/403"}],"collection":[{"href":"https:\/\/lageplan.ufc.br\/index.php\/wp-json\/wp\/v2\/pages"}],"about":[{"href":"https:\/\/lageplan.ufc.br\/index.php\/wp-json\/wp\/v2\/types\/page"}],"author":[{"embeddable":true,"href":"https:\/\/lageplan.ufc.br\/index.php\/wp-json\/wp\/v2\/users\/1"}],"replies":[{"embeddable":true,"href":"https:\/\/lageplan.ufc.br\/index.php\/wp-json\/wp\/v2\/comments?post=403"}],"version-history":[{"count":7,"href":"https:\/\/lageplan.ufc.br\/index.php\/wp-json\/wp\/v2\/pages\/403\/revisions"}],"predecessor-version":[{"id":784,"href":"https:\/\/lageplan.ufc.br\/index.php\/wp-json\/wp\/v2\/pages\/403\/revisions\/784"}],"up":[{"embeddable":true,"href":"https:\/\/lageplan.ufc.br\/index.php\/wp-json\/wp\/v2\/pages\/66"}],"wp:featuredmedia":[{"embeddable":true,"href":"https:\/\/lageplan.ufc.br\/index.php\/wp-json\/wp\/v2\/media\/782"}],"wp:attachment":[{"href":"https:\/\/lageplan.ufc.br\/index.php\/wp-json\/wp\/v2\/media?parent=403"}],"curies":[{"name":"wp","href":"https:\/\/api.w.org\/{rel}","templated":true}]}}