{"id":363,"date":"2020-05-31T00:36:59","date_gmt":"2020-05-31T03:36:59","guid":{"rendered":"https:\/\/lageplan.ufc.br\/?page_id=363"},"modified":"2023-09-24T19:19:13","modified_gmt":"2023-09-24T22:19:13","slug":"pesquisas","status":"publish","type":"page","link":"https:\/\/lageplan.ufc.br\/index.php\/pesquisas\/","title":{"rendered":"Pesquisas"},"content":{"rendered":"<ul>\n<li><strong><a href=\"https:\/\/lageplan.ufc.br\/index.php\/extensao\/\">Bolsas de Extens\u00e3o<\/a><\/strong><\/li>\n<li><strong><a href=\"https:\/\/lageplan.ufc.br\/index.php\/projetos__trashed\/bia\/\">Bolsas de Inicia\u00e7\u00e3o Acad\u00eamica (BIA)<\/a><\/strong><\/li>\n<li><strong><a href=\"https:\/\/lageplan.ufc.br\/index.php\/projetos\/iniciacao-cientifica\/\" target=\"_blank\" rel=\"noopener noreferrer\">Bolsas de Inicia\u00e7\u00e3o Cient\u00edfica (PIBIC)<\/a><\/strong><\/li>\n<li><strong><a href=\"https:\/\/lageplan.ufc.br\/index.php\/paip\/\">Bolsas do Programa de Acolhimento e Incentivo \u00e0 Perman\u00eancia (PAIP)<\/a><\/strong><\/li>\n<li><strong><a href=\"https:\/\/lageplan.ufc.br\/index.php\/pesquisas\/pos-graduacao\/\" target=\"_blank\" rel=\"noopener noreferrer\">P\u00f3s-gradua\u00e7\u00e3o<\/a><\/strong><\/li>\n<\/ul>\n","protected":false},"excerpt":{"rendered":"<p>Bolsas de Extens\u00e3o Bolsas de Inicia\u00e7\u00e3o Acad\u00eamica (BIA) Bolsas de Inicia\u00e7\u00e3o Cient\u00edfica (PIBIC) Bolsas do&hellip;<\/p>\n<p> <a class=\"more-link\" href=\"https:\/\/lageplan.ufc.br\/index.php\/pesquisas\/\">Leia mais<\/a><\/p>\n","protected":false},"author":1,"featured_media":755,"parent":0,"menu_order":0,"comment_status":"closed","ping_status":"closed","template":"","meta":{"footnotes":""},"class_list":["post-363","page","type-page","status-publish","has-post-thumbnail"],"_links":{"self":[{"href":"https:\/\/lageplan.ufc.br\/index.php\/wp-json\/wp\/v2\/pages\/363"}],"collection":[{"href":"https:\/\/lageplan.ufc.br\/index.php\/wp-json\/wp\/v2\/pages"}],"about":[{"href":"https:\/\/lageplan.ufc.br\/index.php\/wp-json\/wp\/v2\/types\/page"}],"author":[{"embeddable":true,"href":"https:\/\/lageplan.ufc.br\/index.php\/wp-json\/wp\/v2\/users\/1"}],"replies":[{"embeddable":true,"href":"https:\/\/lageplan.ufc.br\/index.php\/wp-json\/wp\/v2\/comments?post=363"}],"version-history":[{"count":10,"href":"https:\/\/lageplan.ufc.br\/index.php\/wp-json\/wp\/v2\/pages\/363\/revisions"}],"predecessor-version":[{"id":438,"href":"https:\/\/lageplan.ufc.br\/index.php\/wp-json\/wp\/v2\/pages\/363\/revisions\/438"}],"wp:featuredmedia":[{"embeddable":true,"href":"https:\/\/lageplan.ufc.br\/index.php\/wp-json\/wp\/v2\/media\/755"}],"wp:attachment":[{"href":"https:\/\/lageplan.ufc.br\/index.php\/wp-json\/wp\/v2\/media?parent=363"}],"curies":[{"name":"wp","href":"https:\/\/api.w.org\/{rel}","templated":true}]}}