{"id":107,"date":"2024-06-19T12:46:04","date_gmt":"2024-06-19T12:46:04","guid":{"rendered":"https:\/\/darkseagreen-albatross-813842.hostingersite.com\/about\/"},"modified":"2024-06-19T12:46:04","modified_gmt":"2024-06-19T12:46:04","slug":"sobre-2","status":"publish","type":"page","link":"https:\/\/lageplan.ufc.br\/index.php\/sobre-2\/","title":{"rendered":"Sobre"},"content":{"rendered":"\n<div class=\"wp-block-uagb-container uagb-block-8de9c239 alignfull uagb-is-root-container\">\n<div class=\"wp-block-uagb-advanced-heading uagb-block-99148d6e\"><h1 class=\"uagb-heading-text\">Sobre<\/h1><\/div>\n<\/div>\n\n\n\n<div class=\"wp-block-group is-nowrap is-layout-flex wp-container-core-group-is-layout-1 wp-block-group-is-layout-flex\">\n<div class=\"wp-block-uagb-info-box uagb-block-fc0d3afc uagb-infobox__content-wrap  uagb-infobox-icon-above-title uagb-infobox-image-valign-top\"><div class=\"uagb-ifb-content\"><div class=\"uagb-ifb-title-wrap\"><h2 class=\"uagb-ifb-title\">Laborat\u00f3rio foi criado em 2012.<\/h2><\/div><p class=\"uagb-ifb-desc\">    Quando entrei no Departamento de Geografia em 1886, digo 1986, o mesmo estava ligado fisicamente ao Departamento de Geologia. Posteriormente, em 1990 e poucos, mudamos para o nosso pr\u00f3prio pr\u00e9dio. Recordando que n\u00e3o haviam salas de aulas no pr\u00e9dio, tudo era laborat\u00f3rio e gabinete de professores. As aulas seriam ministradas ao lado, no Bloco Did\u00e1tico onde hoje s\u00e3o dadas as aulas de Biologia.<br>    Para ter uma maior autonomia, dividimos espacialmente alguns laborat\u00f3rios, criando salas de aulas. O corredor inferior tinha uma sala de laborat\u00f3rio que foi ocupada pela AGB \u2013 Associa\u00e7\u00e3o dos Ge\u00f3grafos do Brasil, durante um par de anos. Quando foi desocupada, n\u00f3s solicitamos a sua ocupa\u00e7\u00e3o pelo nosso grupo de pesquisa que trabalhava com recursos h\u00eddricos. Instituiu-se assim o LACRHI (Laborat\u00f3rio de Climatologia e Recursos H\u00eddricos), nessa \u00e9poca, Dona Marta e Elisa ainda n\u00e3o haviam nem nascido e eu j\u00e1 era professor de \u00c1guas Superficiais e de M\u00e9todos e T\u00e9cnicas de Pesquisa em Geografia F\u00edsica. Durante muito tempo trabalhamos com pesquisas sobre bacias hidrogr\u00e1ficas e limnologia.<br>    Houve uma reivindica\u00e7\u00e3o da \u00e1rea de Climatologia e da Hidrogeografia, liderada pela Elisa e Marta, agora j\u00e1 integrantes do corpo docente, para que o t\u00edtulo do nosso laborat\u00f3rio de Climatologia e Recursos H\u00eddricos passasse para a coordena\u00e7\u00e3o das professoras em quest\u00e3o, o que foi efetivado. A partir desse momento, l\u00e1 pr\u00f3ximo a virada do s\u00e9culo, institui-se o LAGEPLAN \u2013 Laborat\u00f3rio de Geoecologia das Paisagens e Planejamento Ambiental, adequando-se assim \u00e0s linhas de pesquisa que se desenvolvem at\u00e9 hoje:<br>Geoecologia das Paisagens, Educa\u00e7\u00e3o Ambiental Aplicada, Planejamento , Gest\u00e3o Ambiental<br>    Atua-se diretamente no ensino da gradua\u00e7\u00e3o em Geografia envolvendo cursos como Biologia, Engenharia de Pesca, Geologia, Oceanografia, Ci\u00eancias Ambientais, Agronomia, Economia Ecol\u00f3gica, entre outros.<br>Integramos pesquisas e extens\u00e3o com alunos e professores da gradua\u00e7\u00e3o e p\u00f3s-gradua\u00e7\u00e3o, em diferentes projetos e a\u00e7\u00f5es socioambientais. Promovemos eventos e hoje somos o que estamos aqui, uma fauna e flora rica, diversificada, multiforme e radiante, com o melhor que podemos ser para n\u00f3s mesmos, para o grupo e tudo que nos envolve como formas de paisagem, dispostos em envelopes abertos sol\u00faveis e perfumados\u2026.<br>    Em 2021, carimbamos em nossa porta o nome de um grande mestre da \u00e1rea de Geoecologia das Paisagens, nossa entidade geogr\u00e1fica caribenha Jos\u00e9 Manuel Mateo Rodriguez. E seguimos por a\u00ed, respirando, solu\u00e7ando, mas na maioria do tempo com um sorriso rasgado no rosto, pois fazemos o que gostamos de verdade, de forma livre e aut\u00f4noma, de forma anarquicamente prazerosa.<br><br>Cacau (Prof. Dr. Edson Vicente da Silva)<\/p><\/div><\/div>\n<\/div>\n\n\n\n<div class=\"wp-block-uagb-container uagb-block-c6306452 alignfull uagb-is-root-container\"><div class=\"uagb-container-inner-blocks-wrap\">\n<div class=\"wp-block-uagb-call-to-action uagb-block-f5c2c5f3 wp-block-button\"><div class=\"uagb-cta__wrap\"><h2 class=\"uagb-cta__title\">Alguma d\u00favida?<\/h2><p class=\"uagb-cta__desc\">Tem alguma d\u00favida? Entre em contato!<\/p><\/div><div class=\"uagb-cta__buttons\"><a href=\"#\" class=\"uagb-cta__button-link-wrapper wp-block-button__link\" target=\"_self\" rel=\"noopener noreferrer\">CONTATO<\/a><\/div><\/div>\n<\/div><\/div>\n","protected":false},"excerpt":{"rendered":"","protected":false},"author":1,"featured_media":0,"parent":0,"menu_order":0,"comment_status":"closed","ping_status":"closed","template":"","meta":{"footnotes":""},"class_list":["post-107","page","type-page","status-publish"],"_links":{"self":[{"href":"https:\/\/lageplan.ufc.br\/index.php\/wp-json\/wp\/v2\/pages\/107"}],"collection":[{"href":"https:\/\/lageplan.ufc.br\/index.php\/wp-json\/wp\/v2\/pages"}],"about":[{"href":"https:\/\/lageplan.ufc.br\/index.php\/wp-json\/wp\/v2\/types\/page"}],"author":[{"embeddable":true,"href":"https:\/\/lageplan.ufc.br\/index.php\/wp-json\/wp\/v2\/users\/1"}],"replies":[{"embeddable":true,"href":"https:\/\/lageplan.ufc.br\/index.php\/wp-json\/wp\/v2\/comments?post=107"}],"version-history":[{"count":0,"href":"https:\/\/lageplan.ufc.br\/index.php\/wp-json\/wp\/v2\/pages\/107\/revisions"}],"wp:attachment":[{"href":"https:\/\/lageplan.ufc.br\/index.php\/wp-json\/wp\/v2\/media?parent=107"}],"curies":[{"name":"wp","href":"https:\/\/api.w.org\/{rel}","templated":true}]}}